{"id":1853,"date":"2021-08-17T09:49:28","date_gmt":"2021-08-17T09:49:28","guid":{"rendered":"https:\/\/ssriberia.es\/sevca\/"},"modified":"2026-02-16T12:09:48","modified_gmt":"2026-02-16T12:09:48","slug":"sevca","status":"publish","type":"page","link":"https:\/\/ssriberia.es\/en\/sevca\/","title":{"rendered":"SEVCA\u00ae Voluntary Advance Payment Bonds"},"content":{"rendered":"<p>[et_pb_section fb_built=&#8221;1&#8243; _builder_version=&#8221;4.19.0&#8243; _module_preset=&#8221;default&#8221; background_image=&#8221;https:\/\/ssriberia.es\/wp-content\/uploads\/2022\/11\/ssriberia-sevca.jpg&#8221; min_height=&#8221;770px&#8221; height=&#8221;770px&#8221; max_height=&#8221;770px&#8221; global_colors_info=&#8221;{}&#8221;][et_pb_row use_custom_gutter=&#8221;on&#8221; gutter_width=&#8221;1&#8243; make_equal=&#8221;on&#8221; _builder_version=&#8221;4.19.0&#8243; _module_preset=&#8221;default&#8221; width=&#8221;50%&#8221; width_tablet=&#8221;&#8221; width_phone=&#8221;70%&#8221; width_last_edited=&#8221;on|phone&#8221; max_width=&#8221;1064px&#8221; module_alignment=&#8221;left&#8221; height=&#8221;255px&#8221; height_tablet=&#8221;auto&#8221; height_phone=&#8221;auto&#8221; height_last_edited=&#8221;on|tablet&#8221; custom_margin=&#8221;0px||0px||false|false&#8221; custom_padding=&#8221;0px||0px||false|false&#8221; module_alignment_tablet=&#8221;left&#8221; module_alignment_phone=&#8221;left&#8221; module_alignment_last_edited=&#8221;on|phone&#8221; global_colors_info=&#8221;{}&#8221;][et_pb_column type=&#8221;4_4&#8243; _builder_version=&#8221;4.19.0&#8243; _module_preset=&#8221;default&#8221; background_enable_image=&#8221;off&#8221; global_colors_info=&#8221;{}&#8221;][et_pb_text _builder_version=&#8221;4.27.5&#8243; _dynamic_attributes=&#8221;link_option_url&#8221; _module_preset=&#8221;default&#8221; text_text_color=&#8221;#FFFFFF&#8221; text_font_size=&#8221;22px&#8221; text_line_height=&#8221;1.2em&#8221; header_6_font=&#8221;|600|||||||&#8221; header_6_text_color=&#8221;#FFFFFF&#8221; header_6_font_size=&#8221;55px&#8221; header_6_line_height=&#8221;2.8em&#8221; background_image=&#8221;https:\/\/ssriberia.es\/wp-content\/uploads\/2022\/10\/fn-portada4-ocuro-255.jpg&#8221; background_position=&#8221;top_right&#8221; width=&#8221;255px&#8221; max_width=&#8221;255px&#8221; module_alignment=&#8221;center&#8221; min_height=&#8221;255px&#8221; height=&#8221;255px&#8221; max_height=&#8221;255px&#8221; custom_margin_tablet=&#8221;||1em||false|false&#8221; custom_margin_phone=&#8221;||1em||false|false&#8221; custom_margin_last_edited=&#8221;on|phone&#8221; custom_padding=&#8221;1.1em|0.5em|1.1em|1.3em|true|false&#8221; link_option_url=&#8221;@ET-DC@eyJkeW5hbWljIjp0cnVlLCJjb250ZW50IjoicG9zdF9saW5rX3VybF9wYWdlIiwic2V0dGluZ3MiOnsicG9zdF9pZCI6IjE1MTkifX0=@&#8221; hover_enabled=&#8221;0&#8243; global_colors_info=&#8221;{}&#8221; sticky_enabled=&#8221;0&#8243;]<\/p>\n<p>Voluntary<br \/>Advance<br \/>Payment<br \/>Bonds<\/p>\n<h6>SEVCA<span class=\"sup\">\u00ae<\/span><\/h6>\n<p>[\/et_pb_text][\/et_pb_column][\/et_pb_row][\/et_pb_section][et_pb_section fb_built=&#8221;1&#8243; _builder_version=&#8221;4.18.0&#8243; _module_preset=&#8221;default&#8221; custom_margin=&#8221;0px||||false|false&#8221; custom_padding=&#8221;0px||||false|false&#8221; global_colors_info=&#8221;{}&#8221;][et_pb_row _builder_version=&#8221;4.18.0&#8243; _module_preset=&#8221;default&#8221; global_colors_info=&#8221;{}&#8221;][et_pb_column type=&#8221;4_4&#8243; _builder_version=&#8221;4.18.0&#8243; _module_preset=&#8221;default&#8221; global_colors_info=&#8221;{}&#8221;][et_pb_text _builder_version=&#8221;4.22.2&#8243; _module_preset=&#8221;default&#8221; header_2_font=&#8221;|600|||||||&#8221; header_2_text_align=&#8221;center&#8221; header_2_text_color=&#8221;#2f3840&#8243; header_2_font_size=&#8221;38px&#8221; global_colors_info=&#8221;{}&#8221;]<\/p>\n<h2>FEATURES<\/h2>\n<p>[\/et_pb_text][\/et_pb_column][\/et_pb_row][et_pb_row column_structure=&#8221;1_3,1_3,1_3&#8243; use_custom_gutter=&#8221;on&#8221; gutter_width=&#8221;2&#8243; _builder_version=&#8221;4.18.0&#8243; _module_preset=&#8221;default&#8221; width=&#8221;95%&#8221; max_width=&#8221;850px&#8221; global_colors_info=&#8221;{}&#8221;][et_pb_column type=&#8221;1_3&#8243; _builder_version=&#8221;4.18.0&#8243; _module_preset=&#8221;default&#8221; global_colors_info=&#8221;{}&#8221;][et_pb_blurb image=&#8221;https:\/\/ssriberia.es\/wp-content\/uploads\/2022\/10\/ico-innovador.png&#8221; _builder_version=&#8221;4.18.0&#8243; _module_preset=&#8221;default&#8221; header_font=&#8221;|700|||||||&#8221; header_text_align=&#8221;center&#8221; header_text_color=&#8221;#2f3840&#8243; header_font_size=&#8221;60px&#8221; header_line_height=&#8221;0.5em&#8221; body_font=&#8221;|600|||||||&#8221; body_text_align=&#8221;center&#8221; body_text_color=&#8221;#2f3840&#8243; body_font_size=&#8221;16px&#8221; text_orientation=&#8221;center&#8221; custom_css_blurb_title=&#8221;padding-bottom:0.5em;&#8221; global_colors_info=&#8221;{}&#8221;]<\/p>\n<p>INNOVATIVE PRODUCT FOR THE REAL ESTATE SECTOR<\/p>\n<p>[\/et_pb_blurb][\/et_pb_column][et_pb_column type=&#8221;1_3&#8243; _builder_version=&#8221;4.18.0&#8243; _module_preset=&#8221;default&#8221; global_colors_info=&#8221;{}&#8221;][et_pb_blurb image=&#8221;https:\/\/ssriberia.es\/wp-content\/uploads\/2022\/10\/ico-duracion.png&#8221; _builder_version=&#8221;4.18.0&#8243; _module_preset=&#8221;default&#8221; header_font=&#8221;|700|||||||&#8221; header_text_align=&#8221;center&#8221; header_text_color=&#8221;#2f3840&#8243; header_font_size=&#8221;60px&#8221; header_line_height=&#8221;0.5em&#8221; body_font=&#8221;|600|||||||&#8221; body_text_align=&#8221;center&#8221; body_text_color=&#8221;#2f3840&#8243; body_font_size=&#8221;16px&#8221; text_orientation=&#8221;center&#8221; custom_css_blurb_title=&#8221;padding-bottom:0.5em;&#8221; global_colors_info=&#8221;{}&#8221;]<\/p>\n<p>3-YEAR MAXIMUM DURATION WITH ANNUAL RENEWAL<\/p>\n<p>[\/et_pb_blurb][\/et_pb_column][et_pb_column type=&#8221;1_3&#8243; _builder_version=&#8221;4.18.0&#8243; _module_preset=&#8221;default&#8221; global_colors_info=&#8221;{}&#8221;][et_pb_blurb image=&#8221;https:\/\/ssriberia.es\/wp-content\/uploads\/2022\/10\/ico-proteccion.png&#8221; _builder_version=&#8221;4.18.0&#8243; _module_preset=&#8221;default&#8221; header_font=&#8221;|700|||||||&#8221; header_text_align=&#8221;center&#8221; header_text_color=&#8221;#2f3840&#8243; header_font_size=&#8221;60px&#8221; header_line_height=&#8221;0.5em&#8221; body_font=&#8221;|600|||||||&#8221; body_text_align=&#8221;center&#8221; body_text_color=&#8221;#2f3840&#8243; body_font_size=&#8221;16px&#8221; text_orientation=&#8221;center&#8221; custom_css_blurb_title=&#8221;padding-bottom:0.5em;&#8221; global_colors_info=&#8221;{}&#8221;]<\/p>\n<p>GLOBAL PROTECTION: CONTINUITY THOUGH BOND INSURANCE<\/p>\n<p>[\/et_pb_blurb][\/et_pb_column][\/et_pb_row][\/et_pb_section][et_pb_section fb_built=&#8221;1&#8243; _builder_version=&#8221;4.18.0&#8243; _module_preset=&#8221;default&#8221; global_colors_info=&#8221;{}&#8221;][et_pb_row column_structure=&#8221;1_2,1_2&#8243; use_custom_gutter=&#8221;on&#8221; gutter_width=&#8221;1&#8243; make_equal=&#8221;on&#8221; _builder_version=&#8221;4.18.0&#8243; _module_preset=&#8221;default&#8221; width=&#8221;95%&#8221; max_width=&#8221;1064px&#8221; global_colors_info=&#8221;{}&#8221;][et_pb_column type=&#8221;1_2&#8243; _builder_version=&#8221;4.18.0&#8243; _module_preset=&#8221;default&#8221; global_colors_info=&#8221;{}&#8221;][et_pb_text _builder_version=&#8221;4.18.0&#8243; _module_preset=&#8221;default&#8221; text_font=&#8221;|600|||||||&#8221; header_3_font=&#8221;|700|||||||&#8221; header_3_text_align=&#8221;left&#8221; header_3_text_color=&#8221;#00b3bd&#8221; header_3_font_size=&#8221;34px&#8221; header_3_line_height=&#8221;1.3em&#8221; custom_margin=&#8221;0px||0px||false|false&#8221; custom_padding=&#8221;0px||0px||false|false&#8221; global_colors_info=&#8221;{}&#8221;]<\/p>\n<h3>RISK COVERAGE<\/h3>\n<p>[\/et_pb_text][et_pb_divider color=&#8221;#00B3BD&#8221; divider_weight=&#8221;3px&#8221; _builder_version=&#8221;4.18.0&#8243; _module_preset=&#8221;default&#8221; max_width=&#8221;75px&#8221; max_height=&#8221;16px&#8221; custom_margin=&#8221;0px||0px||false|false&#8221; custom_padding=&#8221;0px||0px||false|false&#8221; global_colors_info=&#8221;{}&#8221;][\/et_pb_divider][et_pb_text _builder_version=&#8221;4.18.0&#8243; _module_preset=&#8221;default&#8221; text_font=&#8221;||||||||&#8221; text_text_color=&#8221;#2f3840&#8243; text_font_size=&#8221;21px&#8221; text_line_height=&#8221;1.3em&#8221; custom_margin=&#8221;0px||||false|false&#8221; custom_padding=&#8221;0em||||false|false&#8221; global_colors_info=&#8221;{}&#8221;]<\/p>\n<p>It guarantees the anticipated amounts handed in by the buyers to the promoters\/developers, cooperatives and property communities prior to the obtention of the building license.<\/p>\n<p>[\/et_pb_text][et_pb_text _builder_version=&#8221;4.22.2&#8243; _module_preset=&#8221;default&#8221; text_font=&#8221;|600|||||||&#8221; header_3_font=&#8221;|700|||||||&#8221; header_3_text_align=&#8221;left&#8221; header_3_text_color=&#8221;#00b3bd&#8221; header_3_font_size=&#8221;34px&#8221; header_3_line_height=&#8221;1.3em&#8221; custom_margin=&#8221;2em||0px||false|false&#8221; custom_padding=&#8221;0px||0px||false|false&#8221; global_colors_info=&#8221;{}&#8221;]<\/p>\n<h3>WHO IS IT FOR?<\/h3>\n<p>[\/et_pb_text][et_pb_divider color=&#8221;#00B3BD&#8221; divider_weight=&#8221;3px&#8221; _builder_version=&#8221;4.18.0&#8243; _module_preset=&#8221;default&#8221; max_width=&#8221;75px&#8221; max_height=&#8221;16px&#8221; custom_margin=&#8221;0px||0px||false|false&#8221; custom_padding=&#8221;0px||0px||false|false&#8221; global_colors_info=&#8221;{}&#8221;][\/et_pb_divider][et_pb_text ul_type=&#8221;square&#8221; ul_position=&#8221;inside&#8221; module_class=&#8221;listassr&#8221; _builder_version=&#8221;4.19.1&#8243; _module_preset=&#8221;default&#8221; text_font=&#8221;||||||||&#8221; text_text_color=&#8221;#2f3840&#8243; text_font_size=&#8221;21px&#8221; text_line_height=&#8221;1.3em&#8221; ul_text_color=&#8221;#2f3840&#8243; ul_line_height=&#8221;1.1em&#8221; custom_margin=&#8221;0px||||false|false&#8221; custom_padding=&#8221;0em||10px||false|false&#8221; global_colors_info=&#8221;{}&#8221;]<\/p>\n<p>Natural and legal persons that promote housing construction and obtain payments from the buyers prior to the building license:<\/p>\n<p>[\/et_pb_text][et_pb_text ul_type=&#8221;square&#8221; module_class=&#8221;listassr&#8221; _builder_version=&#8221;4.19.1&#8243; _module_preset=&#8221;default&#8221; text_font=&#8221;||||||||&#8221; text_text_color=&#8221;#2f3840&#8243; text_font_size=&#8221;21px&#8221; text_line_height=&#8221;1.3em&#8221; link_text_align=&#8221;left&#8221; ul_text_align=&#8221;left&#8221; ul_text_color=&#8221;#2f3840&#8243; ul_line_height=&#8221;1.5em&#8221; custom_margin=&#8221;0px||||false|false&#8221; custom_padding=&#8221;0em|||1.5em|false|false&#8221; global_colors_info=&#8221;{}&#8221;]<\/p>\n<ul>\n<li>Promoters\/Developers<\/li>\n<li>Housing cooperatives<\/li>\n<li>Property communities<\/li>\n<\/ul>\n<p>[\/et_pb_text][\/et_pb_column][et_pb_column type=&#8221;1_2&#8243; _builder_version=&#8221;4.18.0&#8243; _module_preset=&#8221;default&#8221; global_colors_info=&#8221;{}&#8221;][et_pb_image src=&#8221;https:\/\/ssriberia.es\/wp-content\/uploads\/2022\/10\/sevca1.jpg&#8221; title_text=&#8221;sevca1&#8243; _builder_version=&#8221;4.18.0&#8243; _module_preset=&#8221;default&#8221; global_colors_info=&#8221;{}&#8221;][\/et_pb_image][\/et_pb_column][\/et_pb_row][\/et_pb_section][et_pb_section fb_built=&#8221;1&#8243; _builder_version=&#8221;4.18.0&#8243; _module_preset=&#8221;default&#8221; custom_margin=&#8221;1em||||false|false&#8221; custom_padding=&#8221;0px||||false|false&#8221; global_colors_info=&#8221;{}&#8221;][et_pb_row use_custom_gutter=&#8221;on&#8221; gutter_width=&#8221;2&#8243; _builder_version=&#8221;4.18.0&#8243; _module_preset=&#8221;default&#8221; width=&#8221;95%&#8221; max_width=&#8221;1064px&#8221; global_colors_info=&#8221;{}&#8221;][et_pb_column type=&#8221;4_4&#8243; _builder_version=&#8221;4.18.0&#8243; _module_preset=&#8221;default&#8221; global_colors_info=&#8221;{}&#8221;][et_pb_text _builder_version=&#8221;4.19.0&#8243; _module_preset=&#8221;default&#8221; text_font=&#8221;|||on|||||&#8221; text_font_size=&#8221;23px&#8221; text_line_height=&#8221;2.6em&#8221; background_color=&#8221;#00B3BD&#8221; text_orientation=&#8221;center&#8221; background_layout=&#8221;dark&#8221; max_width=&#8221;384px&#8221; module_alignment=&#8221;center&#8221; custom_margin=&#8221;||3em||false|false&#8221; locked=&#8221;off&#8221; global_colors_info=&#8221;{}&#8221;]<\/p>\n<p>Contact us<\/p>\n<p>[\/et_pb_text][et_pb_contact_form captcha=&#8221;off&#8221; email=&#8221;angel.zabala@ssriberia.es; prudencio.deluis@ssriberia.es; patricia.villalva@ssriberia.es; eduardo.tassara@ssriberia.es; victor.alcaide@ssriberia.es; yarelis.mendoza@ssriberia.es; charo.martin@ssriberia.es&#8221; custom_message=&#8221;Formulario contacto SEVCA SSRIberia||et_pb_line_break_holder||||et_pb_line_break_holder||Nombre: %%Nombre%%||et_pb_line_break_holder||E-mail: %%Email%%||et_pb_line_break_holder||||et_pb_line_break_holder||Ha dejado el siguiente mensaje:||et_pb_line_break_holder||%%Message%%&#8221; _builder_version=&#8221;4.27.4&#8243; _module_preset=&#8221;default&#8221; _unique_id=&#8221;3ff42c60-e648-411a-9e8d-9c8bb6bcd20b&#8221; form_field_background_color=&#8221;#e9ecee&#8221; form_field_text_color=&#8221;#2f3840&#8243; form_field_font=&#8221;|600|||||||&#8221; form_field_font_size=&#8221;18px&#8221; custom_button=&#8221;on&#8221; button_text_size=&#8221;23px&#8221; button_text_color=&#8221;#ffffff&#8221; button_bg_color=&#8221;#00B3BD&#8221; button_border_width=&#8221;0px&#8221; button_border_radius=&#8221;0px&#8221; button_font=&#8221;|||on|||||&#8221; button_use_icon=&#8221;off&#8221; global_colors_info=&#8221;{}&#8221;][et_pb_contact_field field_id=&#8221;Name&#8221; field_title=&#8221;Name&#8221; _builder_version=&#8221;4.27.2&#8243; global_colors_info=&#8221;{}&#8221; button_text_size__hover_enabled=&#8221;off&#8221; button_one_text_size__hover_enabled=&#8221;off&#8221; button_two_text_size__hover_enabled=&#8221;off&#8221; button_text_color__hover_enabled=&#8221;off&#8221; button_one_text_color__hover_enabled=&#8221;off&#8221; button_two_text_color__hover_enabled=&#8221;off&#8221; button_border_width__hover_enabled=&#8221;off&#8221; button_one_border_width__hover_enabled=&#8221;off&#8221; button_two_border_width__hover_enabled=&#8221;off&#8221; button_border_color__hover_enabled=&#8221;off&#8221; button_one_border_color__hover_enabled=&#8221;off&#8221; button_two_border_color__hover_enabled=&#8221;off&#8221; button_border_radius__hover_enabled=&#8221;off&#8221; button_one_border_radius__hover_enabled=&#8221;off&#8221; button_two_border_radius__hover_enabled=&#8221;off&#8221; button_letter_spacing__hover_enabled=&#8221;off&#8221; button_one_letter_spacing__hover_enabled=&#8221;off&#8221; button_two_letter_spacing__hover_enabled=&#8221;off&#8221; button_bg_color__hover_enabled=&#8221;off&#8221; button_one_bg_color__hover_enabled=&#8221;off&#8221; button_two_bg_color__hover_enabled=&#8221;off&#8221;][\/et_pb_contact_field][et_pb_contact_field field_id=&#8221;Email&#8221; field_title=&#8221;Mail&#8221; field_type=&#8221;email&#8221; _builder_version=&#8221;4.27.2&#8243; global_colors_info=&#8221;{}&#8221; button_text_size__hover_enabled=&#8221;off&#8221; button_one_text_size__hover_enabled=&#8221;off&#8221; button_two_text_size__hover_enabled=&#8221;off&#8221; button_text_color__hover_enabled=&#8221;off&#8221; button_one_text_color__hover_enabled=&#8221;off&#8221; button_two_text_color__hover_enabled=&#8221;off&#8221; button_border_width__hover_enabled=&#8221;off&#8221; button_one_border_width__hover_enabled=&#8221;off&#8221; button_two_border_width__hover_enabled=&#8221;off&#8221; button_border_color__hover_enabled=&#8221;off&#8221; button_one_border_color__hover_enabled=&#8221;off&#8221; button_two_border_color__hover_enabled=&#8221;off&#8221; button_border_radius__hover_enabled=&#8221;off&#8221; button_one_border_radius__hover_enabled=&#8221;off&#8221; button_two_border_radius__hover_enabled=&#8221;off&#8221; button_letter_spacing__hover_enabled=&#8221;off&#8221; button_one_letter_spacing__hover_enabled=&#8221;off&#8221; button_two_letter_spacing__hover_enabled=&#8221;off&#8221; button_bg_color__hover_enabled=&#8221;off&#8221; button_one_bg_color__hover_enabled=&#8221;off&#8221; button_two_bg_color__hover_enabled=&#8221;off&#8221;][\/et_pb_contact_field][et_pb_contact_field field_id=&#8221;Message&#8221; field_title=&#8221;Message&#8221; field_type=&#8221;text&#8221; fullwidth_field=&#8221;on&#8221; _builder_version=&#8221;4.27.2&#8243; global_colors_info=&#8221;{}&#8221; button_text_size__hover_enabled=&#8221;off&#8221; button_one_text_size__hover_enabled=&#8221;off&#8221; button_two_text_size__hover_enabled=&#8221;off&#8221; button_text_color__hover_enabled=&#8221;off&#8221; button_one_text_color__hover_enabled=&#8221;off&#8221; button_two_text_color__hover_enabled=&#8221;off&#8221; button_border_width__hover_enabled=&#8221;off&#8221; button_one_border_width__hover_enabled=&#8221;off&#8221; button_two_border_width__hover_enabled=&#8221;off&#8221; button_border_color__hover_enabled=&#8221;off&#8221; button_one_border_color__hover_enabled=&#8221;off&#8221; button_two_border_color__hover_enabled=&#8221;off&#8221; button_border_radius__hover_enabled=&#8221;off&#8221; button_one_border_radius__hover_enabled=&#8221;off&#8221; button_two_border_radius__hover_enabled=&#8221;off&#8221; button_letter_spacing__hover_enabled=&#8221;off&#8221; button_one_letter_spacing__hover_enabled=&#8221;off&#8221; button_two_letter_spacing__hover_enabled=&#8221;off&#8221; button_bg_color__hover_enabled=&#8221;off&#8221; button_one_bg_color__hover_enabled=&#8221;off&#8221; button_two_bg_color__hover_enabled=&#8221;off&#8221;][\/et_pb_contact_field][et_pb_contact_field field_id=&#8221;rgdp&#8221; field_title=&#8221; &#8221; field_type=&#8221;checkbox&#8221; checkbox_options=&#8221;%91{%22value%22:%22I have read and accept your %22,%22checked%22:0,%22dragID%22:-1,%22link_url%22:%22\/politica-de-privacidad%22,%22link_text%22:%22Privacy Policy and Legal Notice%22}%93&#8243; fullwidth_field=&#8221;on&#8221; _builder_version=&#8221;4.27.2&#8243; _module_preset=&#8221;default&#8221; global_colors_info=&#8221;{}&#8221;][\/et_pb_contact_field][\/et_pb_contact_form][\/et_pb_column][\/et_pb_row][\/et_pb_section]<\/p>\n","protected":false},"excerpt":{"rendered":"<p>VoluntaryAdvancePaymentBonds SEVCA\u00aeFEATURESINNOVATIVE PRODUCT FOR THE REAL ESTATE SECTOR3-YEAR MAXIMUM DURATION WITH ANNUAL RENEWALGLOBAL PROTECTION: CONTINUITY THOUGH BOND INSURANCERISK COVERAGEIt guarantees the anticipated amounts handed in by the buyers to the promoters\/developers, cooperatives and property communities prior to the obtention of the building license.WHO IS IT FOR?Natural and legal persons that promote housing construction and obtain [&hellip;]<\/p>\n","protected":false},"author":1,"featured_media":987496313,"parent":0,"menu_order":0,"comment_status":"closed","ping_status":"closed","template":"","meta":{"_et_pb_use_builder":"on","_et_pb_old_content":"","_et_gb_content_width":"","footnotes":""},"class_list":["post-1853","page","type-page","status-publish","has-post-thumbnail","hentry"],"yoast_head":"<!-- This site is optimized with the Yoast SEO plugin v27.5 - https:\/\/yoast.com\/product\/yoast-seo-wordpress\/ -->\n<title>SEVCA\u00ae Voluntary Advance Payment Bonds - SSR Iberia | Suscripci\u00f3n de seguros en el \u00e1mbito de la construcci\u00f3n<\/title>\n<meta name=\"robots\" content=\"index, follow, max-snippet:-1, max-image-preview:large, max-video-preview:-1\" \/>\n<link rel=\"canonical\" href=\"https:\/\/ssriberia.es\/en\/sevca\/\" \/>\n<meta property=\"og:locale\" content=\"en_US\" \/>\n<meta property=\"og:type\" content=\"article\" \/>\n<meta property=\"og:title\" content=\"SEVCA\u00ae Voluntary Advance Payment Bonds - SSR Iberia | Suscripci\u00f3n de seguros en el \u00e1mbito de la construcci\u00f3n\" \/>\n<meta property=\"og:description\" content=\"VoluntaryAdvancePaymentBonds SEVCA\u00aeFEATURESINNOVATIVE PRODUCT FOR THE REAL ESTATE SECTOR3-YEAR MAXIMUM DURATION WITH ANNUAL RENEWALGLOBAL PROTECTION: CONTINUITY THOUGH BOND INSURANCERISK COVERAGEIt guarantees the anticipated amounts handed in by the buyers to the promoters\/developers, cooperatives and property communities prior to the obtention of the building license.WHO IS IT FOR?Natural and legal persons that promote housing construction and obtain [&hellip;]\" \/>\n<meta property=\"og:url\" content=\"https:\/\/ssriberia.es\/en\/sevca\/\" \/>\n<meta property=\"og:site_name\" content=\"SSR Iberia | Suscripci\u00f3n de seguros en el \u00e1mbito de la construcci\u00f3n\" \/>\n<meta property=\"article:modified_time\" content=\"2026-02-16T12:09:48+00:00\" \/>\n<meta name=\"twitter:card\" content=\"summary_large_image\" \/>\n<script type=\"application\/ld+json\" class=\"yoast-schema-graph\">{\"@context\":\"https:\\\/\\\/schema.org\",\"@graph\":[{\"@type\":\"WebPage\",\"@id\":\"https:\\\/\\\/ssriberia.es\\\/en\\\/sevca\\\/\",\"url\":\"https:\\\/\\\/ssriberia.es\\\/en\\\/sevca\\\/\",\"name\":\"SEVCA\u00ae Voluntary Advance Payment Bonds - SSR Iberia | Suscripci\u00f3n de seguros en el \u00e1mbito de la construcci\u00f3n\",\"isPartOf\":{\"@id\":\"https:\\\/\\\/ssriberia.es\\\/en\\\/#website\"},\"primaryImageOfPage\":{\"@id\":\"https:\\\/\\\/ssriberia.es\\\/en\\\/sevca\\\/#primaryimage\"},\"image\":{\"@id\":\"https:\\\/\\\/ssriberia.es\\\/en\\\/sevca\\\/#primaryimage\"},\"thumbnailUrl\":\"https:\\\/\\\/ssriberia.es\\\/wp-content\\\/uploads\\\/2023\\\/01\\\/default-image.jpg\",\"datePublished\":\"2021-08-17T09:49:28+00:00\",\"dateModified\":\"2026-02-16T12:09:48+00:00\",\"breadcrumb\":{\"@id\":\"https:\\\/\\\/ssriberia.es\\\/en\\\/sevca\\\/#breadcrumb\"},\"inLanguage\":\"en-US\",\"potentialAction\":[{\"@type\":\"ReadAction\",\"target\":[\"https:\\\/\\\/ssriberia.es\\\/en\\\/sevca\\\/\"]}]},{\"@type\":\"ImageObject\",\"inLanguage\":\"en-US\",\"@id\":\"https:\\\/\\\/ssriberia.es\\\/en\\\/sevca\\\/#primaryimage\",\"url\":\"https:\\\/\\\/ssriberia.es\\\/wp-content\\\/uploads\\\/2023\\\/01\\\/default-image.jpg\",\"contentUrl\":\"https:\\\/\\\/ssriberia.es\\\/wp-content\\\/uploads\\\/2023\\\/01\\\/default-image.jpg\",\"width\":923,\"height\":436},{\"@type\":\"BreadcrumbList\",\"@id\":\"https:\\\/\\\/ssriberia.es\\\/en\\\/sevca\\\/#breadcrumb\",\"itemListElement\":[{\"@type\":\"ListItem\",\"position\":1,\"name\":\"Portada\",\"item\":\"https:\\\/\\\/ssriberia.es\\\/en\\\/\"},{\"@type\":\"ListItem\",\"position\":2,\"name\":\"SEVCA\u00ae Voluntary Advance Payment Bonds\"}]},{\"@type\":\"WebSite\",\"@id\":\"https:\\\/\\\/ssriberia.es\\\/en\\\/#website\",\"url\":\"https:\\\/\\\/ssriberia.es\\\/en\\\/\",\"name\":\"SSR Iberia | Suscripci\u00f3n de seguros en el \u00e1mbito de la construcci\u00f3n\",\"description\":\"Suscripci\u00f3n de seguros en el \u00e1mbito de la construcci\u00f3n\",\"potentialAction\":[{\"@type\":\"SearchAction\",\"target\":{\"@type\":\"EntryPoint\",\"urlTemplate\":\"https:\\\/\\\/ssriberia.es\\\/en\\\/?s={search_term_string}\"},\"query-input\":{\"@type\":\"PropertyValueSpecification\",\"valueRequired\":true,\"valueName\":\"search_term_string\"}}],\"inLanguage\":\"en-US\"}]}<\/script>\n<!-- \/ Yoast SEO plugin. -->","yoast_head_json":{"title":"SEVCA\u00ae Voluntary Advance Payment Bonds - SSR Iberia | Suscripci\u00f3n de seguros en el \u00e1mbito de la construcci\u00f3n","robots":{"index":"index","follow":"follow","max-snippet":"max-snippet:-1","max-image-preview":"max-image-preview:large","max-video-preview":"max-video-preview:-1"},"canonical":"https:\/\/ssriberia.es\/en\/sevca\/","og_locale":"en_US","og_type":"article","og_title":"SEVCA\u00ae Voluntary Advance Payment Bonds - SSR Iberia | Suscripci\u00f3n de seguros en el \u00e1mbito de la construcci\u00f3n","og_description":"VoluntaryAdvancePaymentBonds SEVCA\u00aeFEATURESINNOVATIVE PRODUCT FOR THE REAL ESTATE SECTOR3-YEAR MAXIMUM DURATION WITH ANNUAL RENEWALGLOBAL PROTECTION: CONTINUITY THOUGH BOND INSURANCERISK COVERAGEIt guarantees the anticipated amounts handed in by the buyers to the promoters\/developers, cooperatives and property communities prior to the obtention of the building license.WHO IS IT FOR?Natural and legal persons that promote housing construction and obtain [&hellip;]","og_url":"https:\/\/ssriberia.es\/en\/sevca\/","og_site_name":"SSR Iberia | Suscripci\u00f3n de seguros en el \u00e1mbito de la construcci\u00f3n","article_modified_time":"2026-02-16T12:09:48+00:00","twitter_card":"summary_large_image","schema":{"@context":"https:\/\/schema.org","@graph":[{"@type":"WebPage","@id":"https:\/\/ssriberia.es\/en\/sevca\/","url":"https:\/\/ssriberia.es\/en\/sevca\/","name":"SEVCA\u00ae Voluntary Advance Payment Bonds - SSR Iberia | Suscripci\u00f3n de seguros en el \u00e1mbito de la construcci\u00f3n","isPartOf":{"@id":"https:\/\/ssriberia.es\/en\/#website"},"primaryImageOfPage":{"@id":"https:\/\/ssriberia.es\/en\/sevca\/#primaryimage"},"image":{"@id":"https:\/\/ssriberia.es\/en\/sevca\/#primaryimage"},"thumbnailUrl":"https:\/\/ssriberia.es\/wp-content\/uploads\/2023\/01\/default-image.jpg","datePublished":"2021-08-17T09:49:28+00:00","dateModified":"2026-02-16T12:09:48+00:00","breadcrumb":{"@id":"https:\/\/ssriberia.es\/en\/sevca\/#breadcrumb"},"inLanguage":"en-US","potentialAction":[{"@type":"ReadAction","target":["https:\/\/ssriberia.es\/en\/sevca\/"]}]},{"@type":"ImageObject","inLanguage":"en-US","@id":"https:\/\/ssriberia.es\/en\/sevca\/#primaryimage","url":"https:\/\/ssriberia.es\/wp-content\/uploads\/2023\/01\/default-image.jpg","contentUrl":"https:\/\/ssriberia.es\/wp-content\/uploads\/2023\/01\/default-image.jpg","width":923,"height":436},{"@type":"BreadcrumbList","@id":"https:\/\/ssriberia.es\/en\/sevca\/#breadcrumb","itemListElement":[{"@type":"ListItem","position":1,"name":"Portada","item":"https:\/\/ssriberia.es\/en\/"},{"@type":"ListItem","position":2,"name":"SEVCA\u00ae Voluntary Advance Payment Bonds"}]},{"@type":"WebSite","@id":"https:\/\/ssriberia.es\/en\/#website","url":"https:\/\/ssriberia.es\/en\/","name":"SSR Iberia | Suscripci\u00f3n de seguros en el \u00e1mbito de la construcci\u00f3n","description":"Suscripci\u00f3n de seguros en el \u00e1mbito de la construcci\u00f3n","potentialAction":[{"@type":"SearchAction","target":{"@type":"EntryPoint","urlTemplate":"https:\/\/ssriberia.es\/en\/?s={search_term_string}"},"query-input":{"@type":"PropertyValueSpecification","valueRequired":true,"valueName":"search_term_string"}}],"inLanguage":"en-US"}]}},"_links":{"self":[{"href":"https:\/\/ssriberia.es\/en\/wp-json\/wp\/v2\/pages\/1853","targetHints":{"allow":["GET"]}}],"collection":[{"href":"https:\/\/ssriberia.es\/en\/wp-json\/wp\/v2\/pages"}],"about":[{"href":"https:\/\/ssriberia.es\/en\/wp-json\/wp\/v2\/types\/page"}],"author":[{"embeddable":true,"href":"https:\/\/ssriberia.es\/en\/wp-json\/wp\/v2\/users\/1"}],"replies":[{"embeddable":true,"href":"https:\/\/ssriberia.es\/en\/wp-json\/wp\/v2\/comments?post=1853"}],"version-history":[{"count":25,"href":"https:\/\/ssriberia.es\/en\/wp-json\/wp\/v2\/pages\/1853\/revisions"}],"predecessor-version":[{"id":987497669,"href":"https:\/\/ssriberia.es\/en\/wp-json\/wp\/v2\/pages\/1853\/revisions\/987497669"}],"wp:featuredmedia":[{"embeddable":true,"href":"https:\/\/ssriberia.es\/en\/wp-json\/wp\/v2\/media\/987496313"}],"wp:attachment":[{"href":"https:\/\/ssriberia.es\/en\/wp-json\/wp\/v2\/media?parent=1853"}],"curies":[{"name":"wp","href":"https:\/\/api.w.org\/{rel}","templated":true}]}}