{"id":987496557,"date":"2023-10-17T13:47:20","date_gmt":"2023-10-17T13:47:20","guid":{"rendered":"https:\/\/ssriberia.es\/?page_id=987496557"},"modified":"2023-10-17T13:47:23","modified_gmt":"2023-10-17T13:47:23","slug":"politica-de-cookies","status":"publish","type":"page","link":"https:\/\/ssriberia.es\/en\/politica-de-cookies\/","title":{"rendered":"Pol\u00edtica de Cookies"},"content":{"rendered":"<p>[et_pb_section fb_built=&#8221;1&#8243; theme_builder_area=&#8221;post_content&#8221; _builder_version=&#8221;4.22.2&#8243; _module_preset=&#8221;default&#8221;][et_pb_row _builder_version=&#8221;4.22.2&#8243; _module_preset=&#8221;default&#8221; theme_builder_area=&#8221;post_content&#8221;][et_pb_column _builder_version=&#8221;4.22.2&#8243; _module_preset=&#8221;default&#8221; type=&#8221;4_4&#8243; theme_builder_area=&#8221;post_content&#8221;][et_pb_text _builder_version=&#8221;4.22.2&#8243; _module_preset=&#8221;default&#8221; theme_builder_area=&#8221;post_content&#8221; hover_enabled=&#8221;0&#8243; sticky_enabled=&#8221;0&#8243;]<\/p>\n<h4>AVISO SOBRE USO DE COOKIES<\/h4>\n<p>Las cookies son unos ficheros enviados al navegador desde un servidor web con el fin de registrar actividades del usuario en el sitio web.Las cookies que empleamos no recogen datos personales del usuario (nombres, apellidos, direcci\u00f3n, datos bancarios ni ning\u00fan otro). Permiten reconocer el dispositivo que utilizas y si tienes permiso para acceder a secciones importantes, como las \u00e1reas privadas del nuestro sitio web, recuerdan tus preferencias y personalizan el contenido. Nos permiten adem\u00e1s, contar el n\u00famero de visitas que recibimos en cada p\u00e1gina y hacer an\u00e1lisis estad\u00edsticos an\u00f3nimos para mejorar nuestro servicio. Las cookies de sesi\u00f3n son temporales, sin embargo la mayor\u00eda de las cookies tienen definida una duraci\u00f3n que puedes consultar en tu navegador o sistema operativo.<\/p>\n<h4>TIPOS DE COOKIES<\/h4>\n<p><strong>Control de sesi\u00f3n:<\/strong> Permiten reconocerte cuando accedes a tu \u00e1rea personal, establecer medidas para protegerte frente a intentos de acceso no autorizados y recordar tus selecciones en formularios. Sin estas cookies, al hacer clic en cualquier enlace (por ejemplo, \u201csiguiente\u201d), la p\u00e1gina nueva no reconocer\u00eda tu actividad anterior en las p\u00e1ginas previas y algunos procesos no podran completarse. Son archivos temporales, que se borran cuando cierras el navegador, de manera que, cuando vuelvas, tendr\u00e1s que volver a iniciar sesi\u00f3n si quieres acceder a tu \u00e1rea personal.<\/p>\n<p><strong>Preferencias:<\/strong> Permiten que el sito recuerde tus preferencias de aspecto o comportamiento de la web. Si decides borrar estas cookies, la funcionalidad del sitio no se ver\u00e1 afectada, si bien tu experiencia de usuario puede ser peor, ya que tendr\u00e1s que seleccionar tus preferencias cada vez que visites el sitio.<\/p>\n<p><strong>Publicidad:<\/strong> Sirven para gestionar de forma eficiente los espacios publicitarios, ya sea en nuestra web o en sitios de terceros. Permiten saber cu\u00e1ntas personas han hecho clic en los anuncios. Aunque no son necesarias para la navegaci\u00f3n por el sitio web, s\u00ed ayudan mostrar informaci\u00f3n comercial relevante y m\u00e1s ajustada a tus intereses. En ning\u00fan caso gestionamos publicidad de terceros.<\/p>\n<p><strong>An\u00e1lisis:<\/strong> Nos permiten saber c\u00f3mo interact\u00faa cada usuario con nuestro sitio web. Utilizamos Google Analytics de Google, Inc. y esto significa que toda la informaci\u00f3n acerca de c\u00f3mo es usado el sitio web ser\u00e1 directamente transmitida y archivada por Google, Inc.Esta informaci\u00f3n es usada para proporcionarnos los informes de la actividad del sitio web y el uso de Internet. En ning\u00fan caso su IP ser\u00e1 utilizada por Google para relacionarla con ninguno de los dem\u00e1s servicios que Google pueda prestarle. La informaci\u00f3n que genera la cookie acerca de su uso del sitio web (incluyendo su direcci\u00f3n IP) ser\u00e1 directamente transmitida y archivada por Google en los servidores de Estados Unidos. Google usar\u00e1 esta informaci\u00f3n por cuenta nuestra con el prop\u00f3sito de seguir la pista del uso del sitio web, recopilando informes de la actividad y prestando otros servicios relacionados con el sitio web y el uso de Internet. Google podr\u00e1 transmitir dicha informaci\u00f3n a terceros cuando as\u00ed se lo requiera la legislaci\u00f3n, o cuando dichos terceros procesen la informaci\u00f3n por cuenta de Google. Google no asociar\u00e1 su direcci\u00f3n IP con ning\u00fan otro dato del que disponga Google. Tambi\u00e9n puede rechazar el uso de las cookies y el uso de los datos relacionados con el sitio (incluyendo su direcci\u00f3n IP) a Google as\u00ed como impedir el tratamiento de estos datos por Google mediante la descarga e instalaci\u00f3n de un plug-in en el siguiente enlace: https:\/\/tools.google.com\/dlpage\/gaoptout?hl=de. Al utilizar este sitio web Usted consiente el tratamiento de informaci\u00f3n acerca de Usted por Google en la forma y para los fines arriba indicados. Google Analytics es un servicio web prestado por Google, Inc., una compa\u00f1\u00eda de Delaware cuya oficina principal est\u00e1 en 1600 Amphitheatre Parkway, Mountain View (California), CA 94043, Estados Unidos (\u201cGoogle\u201d).<\/p>\n<h4>\u00bfQU\u00c9 COOKIES USAMOS?<\/h4>\n<p>Las cookies de la siguiente tabla son las que usamos:<\/p>\n<p>Consulta y configura nuestras cookies en las <a class=\"cky-banner-element\" href=\"#\">Preferencias de las cookies<\/a><\/p>\n<p>&nbsp;<\/p>\n<h4>\u00bfC\u00d3MO ACTIVAR O DESACTIVAR LAS COOKIES?<\/h4>\n<p>Tendr\u00e1s que hacerlo a trav\u00e9s de tu navegador de Internet.<\/p>\n<p><strong>Google Chrome<\/strong><\/p>\n<ul class=\"legales\">\n<li>En el men\u00fa de configuraci\u00f3n, en la parte superior derecha del navegador.<\/li>\n<li>Selecciona \u2018Opciones\u2019 (Configuraci\u00f3n en Mac) y haz clic en \u2018Mostrar opciones avanzadas\u2019.<\/li>\n<li>Selecciona \u2018Configuraci\u00f3n de contenido\u2019.<\/li>\n<li>En el apartado de cookies selecciona \u2018Permitir que se almacenen datos locales (recomendado)\u2019.<\/li>\n<\/ul>\n<p><strong>Mozilla Firefox (para PC)<\/strong><\/p>\n<ul class=\"legales\">\n<li>En el men\u00fa de herramientas, selecciona \u2018opciones\u2019.<\/li>\n<li>Selecciona la etiqueta de privacidad en la parte superior de la ventana.<\/li>\n<li>Del men\u00fa desplegable elige \u2018usar configuraci\u00f3n personalizada para el historial\u2019. Esto mostrar\u00e1 las opciones de cookies y podr\u00e1s optar por activarlas o desactivarlas marcando la casilla correspondiente.<\/li>\n<\/ul>\n<p><strong>Mozilla Firefox (para Mac)<\/strong><\/p>\n<ul class=\"legales\">\n<li>En el men\u00fa de herramientas superior, haz clic en Firefox y selecciona \u2018Preferencias\u2019.<\/li>\n<li>Haz clic en Privacidad.<\/li>\n<li>En el apartado de Historial, selecciona de la pesta\u00f1a desplegable \u2018Usar una configuraci\u00f3n personalizada para el historial\u2019.<\/li>\n<li>Marca \u2018Aceptar cookies\u2019 y \u2018Aceptar cookies de terceros\u2019.<\/li>\n<\/ul>\n<p><strong>Internet Explorer<\/strong><\/p>\n<ul class=\"legales\">\n<li>En el men\u00fa de herramientas, selecciona \u2018Opciones de Internet\u2019.<\/li>\n<li>Haz clic en la pesta\u00f1a de privacidad.<\/li>\n<li>Ver\u00e1s un cursor de desplazamiento para configurar la privacidad que tiene seis posiciones que te permiten controlar la cantidad de cookies que se instalar\u00e1n: Bloquear todas las cookies, Alta, Media Alto, Media (nivel por defecto), Baja, y Aceptar todas las cookies.<\/li>\n<\/ul>\n<p><strong>Safari<\/strong><\/p>\n<ul class=\"legales\">\n<li>En el men\u00fa de herramientas superior, haz clic en Safari y selecciona \u2018Preferencias\u2019.<\/li>\n<li>Abre la pesta\u00f1a de privacidad.<\/li>\n<li>Selecciona la opci\u00f3n que quiera de la secci\u00f3n de \u2018bloquear cookies\u2019.<\/li>\n<\/ul>\n<p>** Las opciones de configuraci\u00f3n de cookies del navegador pueden no estar disponibles desde tu m\u00f3vil, tablet o dispositivo equivalente.[\/et_pb_text][\/et_pb_column][\/et_pb_row][\/et_pb_section]<\/p>\n","protected":false},"excerpt":{"rendered":"<p>AVISO SOBRE USO DE COOKIES Las cookies son unos ficheros enviados al navegador desde un servidor web con el fin de registrar actividades del usuario en el sitio web.Las cookies que empleamos no recogen datos personales del usuario (nombres, apellidos, direcci\u00f3n, datos bancarios ni ning\u00fan otro). Permiten reconocer el dispositivo que utilizas y si tienes [&hellip;]<\/p>\n","protected":false},"author":1,"featured_media":987496313,"parent":0,"menu_order":0,"comment_status":"closed","ping_status":"closed","template":"","meta":{"_et_pb_use_builder":"on","_et_pb_old_content":"","_et_gb_content_width":"","footnotes":""},"class_list":["post-987496557","page","type-page","status-publish","has-post-thumbnail","hentry"],"yoast_head":"<!-- This site is optimized with the Yoast SEO plugin v27.6 - https:\/\/yoast.com\/product\/yoast-seo-wordpress\/ -->\n<title>Pol\u00edtica de Cookies - SSR Iberia | Suscripci\u00f3n de seguros en el \u00e1mbito de la construcci\u00f3n<\/title>\n<meta name=\"robots\" content=\"index, follow, max-snippet:-1, max-image-preview:large, max-video-preview:-1\" \/>\n<link rel=\"canonical\" href=\"https:\/\/ssriberia.es\/en\/politica-de-cookies\/\" \/>\n<meta property=\"og:locale\" content=\"en_US\" \/>\n<meta property=\"og:type\" content=\"article\" \/>\n<meta property=\"og:title\" content=\"Pol\u00edtica de Cookies - SSR Iberia | Suscripci\u00f3n de seguros en el \u00e1mbito de la construcci\u00f3n\" \/>\n<meta property=\"og:description\" content=\"AVISO SOBRE USO DE COOKIES Las cookies son unos ficheros enviados al navegador desde un servidor web con el fin de registrar actividades del usuario en el sitio web.Las cookies que empleamos no recogen datos personales del usuario (nombres, apellidos, direcci\u00f3n, datos bancarios ni ning\u00fan otro). Permiten reconocer el dispositivo que utilizas y si tienes [&hellip;]\" \/>\n<meta property=\"og:url\" content=\"https:\/\/ssriberia.es\/en\/politica-de-cookies\/\" \/>\n<meta property=\"og:site_name\" content=\"SSR Iberia | Suscripci\u00f3n de seguros en el \u00e1mbito de la construcci\u00f3n\" \/>\n<meta property=\"article:modified_time\" content=\"2023-10-17T13:47:23+00:00\" \/>\n<meta name=\"twitter:card\" content=\"summary_large_image\" \/>\n<script type=\"application\/ld+json\" class=\"yoast-schema-graph\">{\"@context\":\"https:\\\/\\\/schema.org\",\"@graph\":[{\"@type\":\"WebPage\",\"@id\":\"https:\\\/\\\/ssriberia.es\\\/en\\\/politica-de-cookies\\\/\",\"url\":\"https:\\\/\\\/ssriberia.es\\\/en\\\/politica-de-cookies\\\/\",\"name\":\"Pol\u00edtica de Cookies - SSR Iberia | Suscripci\u00f3n de seguros en el \u00e1mbito de la construcci\u00f3n\",\"isPartOf\":{\"@id\":\"https:\\\/\\\/ssriberia.es\\\/en\\\/#website\"},\"primaryImageOfPage\":{\"@id\":\"https:\\\/\\\/ssriberia.es\\\/en\\\/politica-de-cookies\\\/#primaryimage\"},\"image\":{\"@id\":\"https:\\\/\\\/ssriberia.es\\\/en\\\/politica-de-cookies\\\/#primaryimage\"},\"thumbnailUrl\":\"https:\\\/\\\/ssriberia.es\\\/wp-content\\\/uploads\\\/2023\\\/01\\\/default-image.jpg\",\"datePublished\":\"2023-10-17T13:47:20+00:00\",\"dateModified\":\"2023-10-17T13:47:23+00:00\",\"breadcrumb\":{\"@id\":\"https:\\\/\\\/ssriberia.es\\\/en\\\/politica-de-cookies\\\/#breadcrumb\"},\"inLanguage\":\"en-US\",\"potentialAction\":[{\"@type\":\"ReadAction\",\"target\":[\"https:\\\/\\\/ssriberia.es\\\/en\\\/politica-de-cookies\\\/\"]}]},{\"@type\":\"ImageObject\",\"inLanguage\":\"en-US\",\"@id\":\"https:\\\/\\\/ssriberia.es\\\/en\\\/politica-de-cookies\\\/#primaryimage\",\"url\":\"https:\\\/\\\/ssriberia.es\\\/wp-content\\\/uploads\\\/2023\\\/01\\\/default-image.jpg\",\"contentUrl\":\"https:\\\/\\\/ssriberia.es\\\/wp-content\\\/uploads\\\/2023\\\/01\\\/default-image.jpg\",\"width\":923,\"height\":436},{\"@type\":\"BreadcrumbList\",\"@id\":\"https:\\\/\\\/ssriberia.es\\\/en\\\/politica-de-cookies\\\/#breadcrumb\",\"itemListElement\":[{\"@type\":\"ListItem\",\"position\":1,\"name\":\"Portada\",\"item\":\"https:\\\/\\\/ssriberia.es\\\/en\\\/\"},{\"@type\":\"ListItem\",\"position\":2,\"name\":\"Pol\u00edtica de Cookies\"}]},{\"@type\":\"WebSite\",\"@id\":\"https:\\\/\\\/ssriberia.es\\\/en\\\/#website\",\"url\":\"https:\\\/\\\/ssriberia.es\\\/en\\\/\",\"name\":\"SSR Iberia | Suscripci\u00f3n de seguros en el \u00e1mbito de la construcci\u00f3n\",\"description\":\"Suscripci\u00f3n de seguros en el \u00e1mbito de la construcci\u00f3n\",\"potentialAction\":[{\"@type\":\"SearchAction\",\"target\":{\"@type\":\"EntryPoint\",\"urlTemplate\":\"https:\\\/\\\/ssriberia.es\\\/en\\\/?s={search_term_string}\"},\"query-input\":{\"@type\":\"PropertyValueSpecification\",\"valueRequired\":true,\"valueName\":\"search_term_string\"}}],\"inLanguage\":\"en-US\"}]}<\/script>\n<!-- \/ Yoast SEO plugin. -->","yoast_head_json":{"title":"Pol\u00edtica de Cookies - SSR Iberia | Suscripci\u00f3n de seguros en el \u00e1mbito de la construcci\u00f3n","robots":{"index":"index","follow":"follow","max-snippet":"max-snippet:-1","max-image-preview":"max-image-preview:large","max-video-preview":"max-video-preview:-1"},"canonical":"https:\/\/ssriberia.es\/en\/politica-de-cookies\/","og_locale":"en_US","og_type":"article","og_title":"Pol\u00edtica de Cookies - SSR Iberia | Suscripci\u00f3n de seguros en el \u00e1mbito de la construcci\u00f3n","og_description":"AVISO SOBRE USO DE COOKIES Las cookies son unos ficheros enviados al navegador desde un servidor web con el fin de registrar actividades del usuario en el sitio web.Las cookies que empleamos no recogen datos personales del usuario (nombres, apellidos, direcci\u00f3n, datos bancarios ni ning\u00fan otro). Permiten reconocer el dispositivo que utilizas y si tienes [&hellip;]","og_url":"https:\/\/ssriberia.es\/en\/politica-de-cookies\/","og_site_name":"SSR Iberia | Suscripci\u00f3n de seguros en el \u00e1mbito de la construcci\u00f3n","article_modified_time":"2023-10-17T13:47:23+00:00","twitter_card":"summary_large_image","schema":{"@context":"https:\/\/schema.org","@graph":[{"@type":"WebPage","@id":"https:\/\/ssriberia.es\/en\/politica-de-cookies\/","url":"https:\/\/ssriberia.es\/en\/politica-de-cookies\/","name":"Pol\u00edtica de Cookies - SSR Iberia | Suscripci\u00f3n de seguros en el \u00e1mbito de la construcci\u00f3n","isPartOf":{"@id":"https:\/\/ssriberia.es\/en\/#website"},"primaryImageOfPage":{"@id":"https:\/\/ssriberia.es\/en\/politica-de-cookies\/#primaryimage"},"image":{"@id":"https:\/\/ssriberia.es\/en\/politica-de-cookies\/#primaryimage"},"thumbnailUrl":"https:\/\/ssriberia.es\/wp-content\/uploads\/2023\/01\/default-image.jpg","datePublished":"2023-10-17T13:47:20+00:00","dateModified":"2023-10-17T13:47:23+00:00","breadcrumb":{"@id":"https:\/\/ssriberia.es\/en\/politica-de-cookies\/#breadcrumb"},"inLanguage":"en-US","potentialAction":[{"@type":"ReadAction","target":["https:\/\/ssriberia.es\/en\/politica-de-cookies\/"]}]},{"@type":"ImageObject","inLanguage":"en-US","@id":"https:\/\/ssriberia.es\/en\/politica-de-cookies\/#primaryimage","url":"https:\/\/ssriberia.es\/wp-content\/uploads\/2023\/01\/default-image.jpg","contentUrl":"https:\/\/ssriberia.es\/wp-content\/uploads\/2023\/01\/default-image.jpg","width":923,"height":436},{"@type":"BreadcrumbList","@id":"https:\/\/ssriberia.es\/en\/politica-de-cookies\/#breadcrumb","itemListElement":[{"@type":"ListItem","position":1,"name":"Portada","item":"https:\/\/ssriberia.es\/en\/"},{"@type":"ListItem","position":2,"name":"Pol\u00edtica de Cookies"}]},{"@type":"WebSite","@id":"https:\/\/ssriberia.es\/en\/#website","url":"https:\/\/ssriberia.es\/en\/","name":"SSR Iberia | Suscripci\u00f3n de seguros en el \u00e1mbito de la construcci\u00f3n","description":"Suscripci\u00f3n de seguros en el \u00e1mbito de la construcci\u00f3n","potentialAction":[{"@type":"SearchAction","target":{"@type":"EntryPoint","urlTemplate":"https:\/\/ssriberia.es\/en\/?s={search_term_string}"},"query-input":{"@type":"PropertyValueSpecification","valueRequired":true,"valueName":"search_term_string"}}],"inLanguage":"en-US"}]}},"_links":{"self":[{"href":"https:\/\/ssriberia.es\/en\/wp-json\/wp\/v2\/pages\/987496557","targetHints":{"allow":["GET"]}}],"collection":[{"href":"https:\/\/ssriberia.es\/en\/wp-json\/wp\/v2\/pages"}],"about":[{"href":"https:\/\/ssriberia.es\/en\/wp-json\/wp\/v2\/types\/page"}],"author":[{"embeddable":true,"href":"https:\/\/ssriberia.es\/en\/wp-json\/wp\/v2\/users\/1"}],"replies":[{"embeddable":true,"href":"https:\/\/ssriberia.es\/en\/wp-json\/wp\/v2\/comments?post=987496557"}],"version-history":[{"count":2,"href":"https:\/\/ssriberia.es\/en\/wp-json\/wp\/v2\/pages\/987496557\/revisions"}],"predecessor-version":[{"id":987496559,"href":"https:\/\/ssriberia.es\/en\/wp-json\/wp\/v2\/pages\/987496557\/revisions\/987496559"}],"wp:featuredmedia":[{"embeddable":true,"href":"https:\/\/ssriberia.es\/en\/wp-json\/wp\/v2\/media\/987496313"}],"wp:attachment":[{"href":"https:\/\/ssriberia.es\/en\/wp-json\/wp\/v2\/media?parent=987496557"}],"curies":[{"name":"wp","href":"https:\/\/api.w.org\/{rel}","templated":true}]}}