{"id":987496578,"date":"2023-10-18T11:13:50","date_gmt":"2023-10-18T11:13:50","guid":{"rendered":"https:\/\/ssriberia.es\/?page_id=987496578"},"modified":"2023-10-18T11:13:53","modified_gmt":"2023-10-18T11:13:53","slug":"politica-de-privacidad","status":"publish","type":"page","link":"https:\/\/ssriberia.es\/en\/politica-de-privacidad\/","title":{"rendered":"Pol\u00edtica de Privacidad"},"content":{"rendered":"<p>[et_pb_section fb_built=&#8221;1&#8243; theme_builder_area=&#8221;post_content&#8221; _builder_version=&#8221;4.22.2&#8243; _module_preset=&#8221;default&#8221;][et_pb_row _builder_version=&#8221;4.22.2&#8243; _module_preset=&#8221;default&#8221; theme_builder_area=&#8221;post_content&#8221;][et_pb_column _builder_version=&#8221;4.22.2&#8243; _module_preset=&#8221;default&#8221; type=&#8221;4_4&#8243; theme_builder_area=&#8221;post_content&#8221;][et_pb_text _builder_version=&#8221;4.22.2&#8243; _module_preset=&#8221;default&#8221; theme_builder_area=&#8221;post_content&#8221; hover_enabled=&#8221;0&#8243; sticky_enabled=&#8221;0&#8243;]<\/p>\n<h2 style=\"text-align: center;\">POL\u00cdTICA DE PRIVACIDAD<\/h2>\n<p>De conformidad con el Reglamento (UE) 2016\/679 del Parlamento Europeo y del Consejo, de 27 de abril de 2016, relativo a la protecci\u00f3n de las personas f\u00edsicas en lo que respecta al tratamiento de datos personales y a la libre circulaci\u00f3n de estos datos y seg\u00fan la Ley Org\u00e1nica 15\/1999 de 13 de diciembre de protecci\u00f3n de datos de car\u00e1cter personal y dem\u00e1s normativa de desarrollo, SSR Iberia, informa a las personas (el \u201cusuario\u201d) que accedan a las p\u00e1ginas que integran el dominio web www.SSRIberia.es de la existencia de un fichero de datos de car\u00e1cter personal creado por y para SSR Iberia con la finalidad de gestionar su relaci\u00f3n con el usuario.<\/p>\n<p>La informaci\u00f3n y datos personales que proporcione el usuario, se incluyen en un fichero cuyo responsable es SSR Iberia.<\/p>\n<p>SSR Iberia, como Agencia de Suscripci\u00f3n, ser\u00e1 quien determine los objetivos y procedimientos que garanticen el cumplimiento de la normativa de protecci\u00f3n de datos vigente. Asimismo, garantizar\u00e1 el cumplimiento de la normativa interna establecida por los aseguradores por cuenta de quienes act\u00faan.<\/p>\n<p>El usuario garantiza la exactitud y veracidad de los datos personales facilitados, comprometi\u00e9ndose a mantenerlos debidamente actualizados y a comunicar a SSR Iberia cualquier variaci\u00f3n que se produzca en los mismos. El usuario ser\u00e1 responsable de las informaciones falsas o inexactas que proporcione y de los perjuicios que ello cause al titular de esta web o a terceros.<\/p>\n<p>Con el solo acceso del usuario a la p\u00e1gina web, SSR Iberia est\u00e1 en disposici\u00f3n de recoger determinada informaci\u00f3n de tr\u00e1fico del usuario imprescindible para poder gestionar la relaci\u00f3n con \u00e9l. Dichos datos son: el tipo de navegador de Internet y el sistema operativo del equipo inform\u00e1tico del usuario, la direcci\u00f3n IP desde la que se conecta el usuario y la fecha y hora de conexi\u00f3n.<\/p>\n<p>Por otra parte, los datos facilitados por el usuario derivados de la petici\u00f3n de informaci\u00f3n o de la contrataci\u00f3n de productos ofrecidos por SSR Iberia (nombre, direcci\u00f3n, etc.), se incorporaran al fichero de clientes de su titularidad cuya finalidad es la gesti\u00f3n de la relaci\u00f3n que mantenga con SSR Iberia.<\/p>\n<p>La finalidad de los datos proporcionados por el usuario es el siguiente:<\/p>\n<ul>\n<li>Dar respuesta a la solicitud de informaci\u00f3n realizada por el usuario.<\/li>\n<li>Proporcionar el aseguramiento de los productos comercializados.<\/li>\n<li>Tramitaci\u00f3n de las solicitudes recibidas.<\/li>\n<li>Contrataci\u00f3n de productos.<\/li>\n<li>Gestionar los siniestros.<\/li>\n<li>Prevenci\u00f3n de delitos, para dar cumplimiento a la normativa vigente.<\/li>\n<li>Compartir los datos con terceros (intermediarios, reaseguradores, peritos, subcontratistas..) seg\u00fan los objetivos descritos en la Pol\u00edtica de Privacidad de la web del asegurador por cuenta de quienes act\u00faa SSR Iberia.<\/li>\n<li>Realizaci\u00f3n de mailings (eventos, noticias, ..).<\/li>\n<\/ul>\n<p>Los datos proporcionados por los usuarios se custodiar\u00e1n durante el tiempo el que el producto est\u00e9 en vigor y se conservar\u00e1n durante los plazos exigidos por la ley.<\/p>\n<p>Ning\u00fan tercero ajeno a SSR Iberia podr\u00e1 acceder en ning\u00fan caso, sin el consentimiento expreso y previo del usuario, a sus datos personales.<\/p>\n<p>En el aseguramiento de productos, que conlleva compartir los datos con terceros, seg\u00fan se ha indicado anteriormente, el usuario dar\u00e1 su consentimiento expreso.<\/p>\n<p>El usuario puede ejercer los derechos de acceso, rectificaci\u00f3n, supresi\u00f3n, limitaci\u00f3n al tratamiento, oposici\u00f3n y portabilidad respecto de sus datos personales, los cuales podr\u00e1n ser ejercidos por \u00e9l y, en su caso, por quien lo represente, mediante solicitud escrita y firmada dirigida a:<\/p>\n<p style=\"text-align: center;\">Servicios Profesionales de Suscripci\u00f3n de Riesgos Iberia S.L. (SSR Iberia)<br \/>\nVK Aravaca Village<br \/>\nCamino de la Zarzuela 21. Planta 1B<br \/>\n28023 Madrid<\/p>\n<p>Dicha solicitud deber\u00e1 ir acompa\u00f1ada de los siguientes datos: nombre y apellidos del usuario, domicilio a efectos de notificaciones, as\u00ed como copia del DNI, pasaporte o NIE en vigor que acredite la identidad del usuario. En el caso de representaci\u00f3n, deber\u00e1 probarse \u00e9sta mediante documento fehaciente.<\/p>\n<p>El titular de los datos tiene derecho a presentar una reclamaci\u00f3n a SSR Iberia si considera que sus derechos a la protecci\u00f3n de datos hubieran sido vulnerados, as\u00ed como ante la Agencia Espa\u00f1ola de Protecci\u00f3n de Datos.<\/p>\n<p>SSR Iberia, se reserva el derecho de modificar su pol\u00edtica de privacidad para adaptarla a cualquier cambio, de car\u00e1cter legislativo, interno o derivado del cumplimiento de la normativa de los aseguradores por cuenta de quienes SSR Iberia act\u00faa. Cualquier modificaci\u00f3n de esta \u00edndole, ser\u00e1 anunciada en este mismo sitio web.<\/p>\n<p>El titular de este sitio web garantiza la seguridad y confidencialidad de los datos de car\u00e1cter personal que le sean facilitados. SSR Iberia adoptar\u00e1 las medidas t\u00e9cnicas y organizativas necesarias para evitar su alteraci\u00f3n, p\u00e9rdida, tratamiento o acceso no autorizado, de acuerdo con lo establecido en la normativa vigente.[\/et_pb_text][\/et_pb_column][\/et_pb_row][\/et_pb_section]<\/p>\n","protected":false},"excerpt":{"rendered":"<p>POL\u00cdTICA DE PRIVACIDAD De conformidad con el Reglamento (UE) 2016\/679 del Parlamento Europeo y del Consejo, de 27 de abril de 2016, relativo a la protecci\u00f3n de las personas f\u00edsicas en lo que respecta al tratamiento de datos personales y a la libre circulaci\u00f3n de estos datos y seg\u00fan la Ley Org\u00e1nica 15\/1999 de 13 [&hellip;]<\/p>\n","protected":false},"author":1,"featured_media":987496313,"parent":0,"menu_order":0,"comment_status":"closed","ping_status":"closed","template":"","meta":{"_et_pb_use_builder":"on","_et_pb_old_content":"","_et_gb_content_width":"","footnotes":""},"class_list":["post-987496578","page","type-page","status-publish","has-post-thumbnail","hentry"],"yoast_head":"<!-- This site is optimized with the Yoast SEO plugin v27.5 - https:\/\/yoast.com\/product\/yoast-seo-wordpress\/ -->\n<title>Pol\u00edtica de Privacidad - SSR Iberia | Suscripci\u00f3n de seguros en el \u00e1mbito de la construcci\u00f3n<\/title>\n<meta name=\"robots\" content=\"index, follow, max-snippet:-1, max-image-preview:large, max-video-preview:-1\" \/>\n<link rel=\"canonical\" href=\"https:\/\/ssriberia.es\/en\/politica-de-privacidad\/\" \/>\n<meta property=\"og:locale\" content=\"en_US\" \/>\n<meta property=\"og:type\" content=\"article\" \/>\n<meta property=\"og:title\" content=\"Pol\u00edtica de Privacidad - SSR Iberia | Suscripci\u00f3n de seguros en el \u00e1mbito de la construcci\u00f3n\" \/>\n<meta property=\"og:description\" content=\"POL\u00cdTICA DE PRIVACIDAD De conformidad con el Reglamento (UE) 2016\/679 del Parlamento Europeo y del Consejo, de 27 de abril de 2016, relativo a la protecci\u00f3n de las personas f\u00edsicas en lo que respecta al tratamiento de datos personales y a la libre circulaci\u00f3n de estos datos y seg\u00fan la Ley Org\u00e1nica 15\/1999 de 13 [&hellip;]\" \/>\n<meta property=\"og:url\" content=\"https:\/\/ssriberia.es\/en\/politica-de-privacidad\/\" \/>\n<meta property=\"og:site_name\" content=\"SSR Iberia | Suscripci\u00f3n de seguros en el \u00e1mbito de la construcci\u00f3n\" \/>\n<meta property=\"article:modified_time\" content=\"2023-10-18T11:13:53+00:00\" \/>\n<meta name=\"twitter:card\" content=\"summary_large_image\" \/>\n<script type=\"application\/ld+json\" class=\"yoast-schema-graph\">{\"@context\":\"https:\\\/\\\/schema.org\",\"@graph\":[{\"@type\":\"WebPage\",\"@id\":\"https:\\\/\\\/ssriberia.es\\\/en\\\/politica-de-privacidad\\\/\",\"url\":\"https:\\\/\\\/ssriberia.es\\\/en\\\/politica-de-privacidad\\\/\",\"name\":\"Pol\u00edtica de Privacidad - SSR Iberia | Suscripci\u00f3n de seguros en el \u00e1mbito de la construcci\u00f3n\",\"isPartOf\":{\"@id\":\"https:\\\/\\\/ssriberia.es\\\/en\\\/#website\"},\"primaryImageOfPage\":{\"@id\":\"https:\\\/\\\/ssriberia.es\\\/en\\\/politica-de-privacidad\\\/#primaryimage\"},\"image\":{\"@id\":\"https:\\\/\\\/ssriberia.es\\\/en\\\/politica-de-privacidad\\\/#primaryimage\"},\"thumbnailUrl\":\"https:\\\/\\\/ssriberia.es\\\/wp-content\\\/uploads\\\/2023\\\/01\\\/default-image.jpg\",\"datePublished\":\"2023-10-18T11:13:50+00:00\",\"dateModified\":\"2023-10-18T11:13:53+00:00\",\"breadcrumb\":{\"@id\":\"https:\\\/\\\/ssriberia.es\\\/en\\\/politica-de-privacidad\\\/#breadcrumb\"},\"inLanguage\":\"en-US\",\"potentialAction\":[{\"@type\":\"ReadAction\",\"target\":[\"https:\\\/\\\/ssriberia.es\\\/en\\\/politica-de-privacidad\\\/\"]}]},{\"@type\":\"ImageObject\",\"inLanguage\":\"en-US\",\"@id\":\"https:\\\/\\\/ssriberia.es\\\/en\\\/politica-de-privacidad\\\/#primaryimage\",\"url\":\"https:\\\/\\\/ssriberia.es\\\/wp-content\\\/uploads\\\/2023\\\/01\\\/default-image.jpg\",\"contentUrl\":\"https:\\\/\\\/ssriberia.es\\\/wp-content\\\/uploads\\\/2023\\\/01\\\/default-image.jpg\",\"width\":923,\"height\":436},{\"@type\":\"BreadcrumbList\",\"@id\":\"https:\\\/\\\/ssriberia.es\\\/en\\\/politica-de-privacidad\\\/#breadcrumb\",\"itemListElement\":[{\"@type\":\"ListItem\",\"position\":1,\"name\":\"Portada\",\"item\":\"https:\\\/\\\/ssriberia.es\\\/en\\\/\"},{\"@type\":\"ListItem\",\"position\":2,\"name\":\"Pol\u00edtica de Privacidad\"}]},{\"@type\":\"WebSite\",\"@id\":\"https:\\\/\\\/ssriberia.es\\\/en\\\/#website\",\"url\":\"https:\\\/\\\/ssriberia.es\\\/en\\\/\",\"name\":\"SSR Iberia | Suscripci\u00f3n de seguros en el \u00e1mbito de la construcci\u00f3n\",\"description\":\"Suscripci\u00f3n de seguros en el \u00e1mbito de la construcci\u00f3n\",\"potentialAction\":[{\"@type\":\"SearchAction\",\"target\":{\"@type\":\"EntryPoint\",\"urlTemplate\":\"https:\\\/\\\/ssriberia.es\\\/en\\\/?s={search_term_string}\"},\"query-input\":{\"@type\":\"PropertyValueSpecification\",\"valueRequired\":true,\"valueName\":\"search_term_string\"}}],\"inLanguage\":\"en-US\"}]}<\/script>\n<!-- \/ Yoast SEO plugin. -->","yoast_head_json":{"title":"Pol\u00edtica de Privacidad - SSR Iberia | Suscripci\u00f3n de seguros en el \u00e1mbito de la construcci\u00f3n","robots":{"index":"index","follow":"follow","max-snippet":"max-snippet:-1","max-image-preview":"max-image-preview:large","max-video-preview":"max-video-preview:-1"},"canonical":"https:\/\/ssriberia.es\/en\/politica-de-privacidad\/","og_locale":"en_US","og_type":"article","og_title":"Pol\u00edtica de Privacidad - SSR Iberia | Suscripci\u00f3n de seguros en el \u00e1mbito de la construcci\u00f3n","og_description":"POL\u00cdTICA DE PRIVACIDAD De conformidad con el Reglamento (UE) 2016\/679 del Parlamento Europeo y del Consejo, de 27 de abril de 2016, relativo a la protecci\u00f3n de las personas f\u00edsicas en lo que respecta al tratamiento de datos personales y a la libre circulaci\u00f3n de estos datos y seg\u00fan la Ley Org\u00e1nica 15\/1999 de 13 [&hellip;]","og_url":"https:\/\/ssriberia.es\/en\/politica-de-privacidad\/","og_site_name":"SSR Iberia | Suscripci\u00f3n de seguros en el \u00e1mbito de la construcci\u00f3n","article_modified_time":"2023-10-18T11:13:53+00:00","twitter_card":"summary_large_image","schema":{"@context":"https:\/\/schema.org","@graph":[{"@type":"WebPage","@id":"https:\/\/ssriberia.es\/en\/politica-de-privacidad\/","url":"https:\/\/ssriberia.es\/en\/politica-de-privacidad\/","name":"Pol\u00edtica de Privacidad - SSR Iberia | Suscripci\u00f3n de seguros en el \u00e1mbito de la construcci\u00f3n","isPartOf":{"@id":"https:\/\/ssriberia.es\/en\/#website"},"primaryImageOfPage":{"@id":"https:\/\/ssriberia.es\/en\/politica-de-privacidad\/#primaryimage"},"image":{"@id":"https:\/\/ssriberia.es\/en\/politica-de-privacidad\/#primaryimage"},"thumbnailUrl":"https:\/\/ssriberia.es\/wp-content\/uploads\/2023\/01\/default-image.jpg","datePublished":"2023-10-18T11:13:50+00:00","dateModified":"2023-10-18T11:13:53+00:00","breadcrumb":{"@id":"https:\/\/ssriberia.es\/en\/politica-de-privacidad\/#breadcrumb"},"inLanguage":"en-US","potentialAction":[{"@type":"ReadAction","target":["https:\/\/ssriberia.es\/en\/politica-de-privacidad\/"]}]},{"@type":"ImageObject","inLanguage":"en-US","@id":"https:\/\/ssriberia.es\/en\/politica-de-privacidad\/#primaryimage","url":"https:\/\/ssriberia.es\/wp-content\/uploads\/2023\/01\/default-image.jpg","contentUrl":"https:\/\/ssriberia.es\/wp-content\/uploads\/2023\/01\/default-image.jpg","width":923,"height":436},{"@type":"BreadcrumbList","@id":"https:\/\/ssriberia.es\/en\/politica-de-privacidad\/#breadcrumb","itemListElement":[{"@type":"ListItem","position":1,"name":"Portada","item":"https:\/\/ssriberia.es\/en\/"},{"@type":"ListItem","position":2,"name":"Pol\u00edtica de Privacidad"}]},{"@type":"WebSite","@id":"https:\/\/ssriberia.es\/en\/#website","url":"https:\/\/ssriberia.es\/en\/","name":"SSR Iberia | Suscripci\u00f3n de seguros en el \u00e1mbito de la construcci\u00f3n","description":"Suscripci\u00f3n de seguros en el \u00e1mbito de la construcci\u00f3n","potentialAction":[{"@type":"SearchAction","target":{"@type":"EntryPoint","urlTemplate":"https:\/\/ssriberia.es\/en\/?s={search_term_string}"},"query-input":{"@type":"PropertyValueSpecification","valueRequired":true,"valueName":"search_term_string"}}],"inLanguage":"en-US"}]}},"_links":{"self":[{"href":"https:\/\/ssriberia.es\/en\/wp-json\/wp\/v2\/pages\/987496578","targetHints":{"allow":["GET"]}}],"collection":[{"href":"https:\/\/ssriberia.es\/en\/wp-json\/wp\/v2\/pages"}],"about":[{"href":"https:\/\/ssriberia.es\/en\/wp-json\/wp\/v2\/types\/page"}],"author":[{"embeddable":true,"href":"https:\/\/ssriberia.es\/en\/wp-json\/wp\/v2\/users\/1"}],"replies":[{"embeddable":true,"href":"https:\/\/ssriberia.es\/en\/wp-json\/wp\/v2\/comments?post=987496578"}],"version-history":[{"count":2,"href":"https:\/\/ssriberia.es\/en\/wp-json\/wp\/v2\/pages\/987496578\/revisions"}],"predecessor-version":[{"id":987496581,"href":"https:\/\/ssriberia.es\/en\/wp-json\/wp\/v2\/pages\/987496578\/revisions\/987496581"}],"wp:featuredmedia":[{"embeddable":true,"href":"https:\/\/ssriberia.es\/en\/wp-json\/wp\/v2\/media\/987496313"}],"wp:attachment":[{"href":"https:\/\/ssriberia.es\/en\/wp-json\/wp\/v2\/media?parent=987496578"}],"curies":[{"name":"wp","href":"https:\/\/api.w.org\/{rel}","templated":true}]}}